{"id":156,"date":"2022-05-31T10:27:26","date_gmt":"2022-05-31T08:27:26","guid":{"rendered":"http:\/\/csaki-sli.cz\/?page_id=156"},"modified":"2022-05-31T10:28:23","modified_gmt":"2022-05-31T08:28:23","slug":"pozadavky-na-garanta-odbornosti-813","status":"publish","type":"page","link":"https:\/\/csaki-sli.cz\/?page_id=156","title":{"rendered":"Po\u017eadavky na garanta odbornosti 813"},"content":{"rendered":"\n<p>Garant odbornosti 813 mus\u00ed m\u00edt ukon\u010denou specializa\u010dn\u00ed pr\u016fpravu v oboru alergologie a klinick\u00e1 imunologie (l\u00e9ka\u0159 nebo vysoko\u0161kol\u00e1k nel\u00e9ka\u0159).<\/p>\n\n\n\n<p>Garant mus\u00ed spl\u0148ovat podm\u00ednku 6 let celkov\u00e9 praxe v&nbsp;\u00favazku minim\u00e1ln\u011b 0,7 v&nbsp;laborato\u0159i odbornosti 813, z toho 2 roky po \u00fasp\u011b\u0161n\u00e9m ukon\u010den\u00ed specializa\u010dn\u00ed pr\u016fpravy.<\/p>\n\n\n\n<p>Pracovn\u00ed \u00favazek garanta mus\u00ed b\u00fdt na garantovan\u00e9m pracovi\u0161ti minim\u00e1ln\u011b 0,7.<\/p>\n\n\n\n<p>\u00davazek garanta lze rozlo\u017eit do dvou \u010d\u00e1st\u00ed, z nich\u017e \u017e\u00e1dn\u00e1 nesm\u00ed b\u00fdt men\u0161\u00ed ne\u017e 0,3.<\/p>\n\n\n\n<p>Podm\u00ednkou je denn\u00ed p\u0159\u00edtomnost na pracovi\u0161ti, kter\u00e9 je garantov\u00e1no.<\/p>\n\n\n\n<p>Rodi\u010dovskou dovolenou lze do praxe zapo\u010d\u00edtat, pouze pokud rodi\u010d v&nbsp;dob\u011b jej\u00edho trv\u00e1n\u00ed&nbsp; pracuje v&nbsp;laborato\u0159i odbornosti 813 v&nbsp;\u00favazku minim\u00e1ln\u011b 0,2.<\/p>\n\n\n\n<p>Platnost t\u00e9to \u00fapravy je od 1.4.2015<\/p>\n\n\n\n<p>Schv\u00e1leno v\u00fdborem SLI \u010cSAKI dne 17. 12. 2014 a v\u00fdborem \u010cSAKI dne 12.2.2015.<\/p>\n","protected":false},"excerpt":{"rendered":"<p>Garant odbornosti 813 mus\u00ed m\u00edt ukon\u010denou specializa\u010dn\u00ed pr\u016fpravu v oboru alergologie a klinick\u00e1 imunologie (l\u00e9ka\u0159 nebo vysoko\u0161kol\u00e1k nel\u00e9ka\u0159). Garant mus\u00ed<\/p>\n","protected":false},"author":1,"featured_media":0,"parent":88,"menu_order":0,"comment_status":"closed","ping_status":"closed","template":"","meta":{"colormag_page_container_layout":"no_sidebar_full_width","colormag_page_sidebar_layout":"no_sidebar","_price":"","_stock":"","_tribe_ticket_header":"","_tribe_default_ticket_provider":"","_tribe_ticket_capacity":"0","_ticket_start_date":"","_ticket_end_date":"","_tribe_ticket_show_description":"","_tribe_ticket_show_not_going":false,"_tribe_ticket_use_global_stock":"","_tribe_ticket_global_stock_level":"","_global_stock_mode":"","_global_stock_cap":"","_tribe_rsvp_for_event":"","_tribe_ticket_going_count":"","_tribe_ticket_not_going_count":"","_tribe_tickets_list":"[]","_tribe_ticket_has_attendee_info_fields":false,"footnotes":"","_tec_slr_enabled":"","_tec_slr_layout":""},"class_list":["post-156","page","type-page","status-publish","hentry"],"ticketed":false,"_links":{"self":[{"href":"https:\/\/csaki-sli.cz\/index.php?rest_route=\/wp\/v2\/pages\/156","targetHints":{"allow":["GET"]}}],"collection":[{"href":"https:\/\/csaki-sli.cz\/index.php?rest_route=\/wp\/v2\/pages"}],"about":[{"href":"https:\/\/csaki-sli.cz\/index.php?rest_route=\/wp\/v2\/types\/page"}],"author":[{"embeddable":true,"href":"https:\/\/csaki-sli.cz\/index.php?rest_route=\/wp\/v2\/users\/1"}],"replies":[{"embeddable":true,"href":"https:\/\/csaki-sli.cz\/index.php?rest_route=%2Fwp%2Fv2%2Fcomments&post=156"}],"version-history":[{"count":2,"href":"https:\/\/csaki-sli.cz\/index.php?rest_route=\/wp\/v2\/pages\/156\/revisions"}],"predecessor-version":[{"id":159,"href":"https:\/\/csaki-sli.cz\/index.php?rest_route=\/wp\/v2\/pages\/156\/revisions\/159"}],"up":[{"embeddable":true,"href":"https:\/\/csaki-sli.cz\/index.php?rest_route=\/wp\/v2\/pages\/88"}],"wp:attachment":[{"href":"https:\/\/csaki-sli.cz\/index.php?rest_route=%2Fwp%2Fv2%2Fmedia&parent=156"}],"curies":[{"name":"wp","href":"https:\/\/api.w.org\/{rel}","templated":true}]}}