{"id":255,"date":"2022-06-29T16:26:40","date_gmt":"2022-06-29T14:26:40","guid":{"rendered":"http:\/\/csaki-sli.cz\/?page_id=255"},"modified":"2022-06-29T16:29:45","modified_gmt":"2022-06-29T14:29:45","slug":"odkazy","status":"publish","type":"page","link":"https:\/\/csaki-sli.cz\/?page_id=255","title":{"rendered":"Odkazy"},"content":{"rendered":"\n<figure class=\"wp-block-table\"><table><tbody><tr><td><strong>Odborn\u00e9 spole\u010dnosti<\/strong><\/td><\/tr><tr><td><a href=\"https:\/\/www.csaki.cz\/\" target=\"_blank\" rel=\"noreferrer noopener\">\u010cesk\u00e1 spole\u010dnost alergologie a klinick\u00e9 imunologie (\u010cSAKI)<\/a><\/td><\/tr><tr><td><a href=\"https:\/\/www.csac.cz\/\" target=\"_blank\" rel=\"noreferrer noopener\">\u010cesk\u00e1 spole\u010dnost pro analytickou cytometrii (\u010cSAC)<\/a><\/td><\/tr><tr><td><a href=\"https:\/\/www.cls.cz\/\" target=\"_blank\" rel=\"noreferrer noopener\">\u010cesk\u00e1 l\u00e9ka\u0159sk\u00e1 spole\u010dnost Jana Evangelisty Purkyn\u011b (\u010cLS)<\/a><\/td><\/tr><tr><td><a href=\"https:\/\/www.cskb.cz\/\" target=\"_blank\" rel=\"noreferrer noopener\">\u010cesk\u00e1 spole\u010dnost klinick\u00e9 biochemie (\u010cSKB)<\/a><\/td><\/tr><tr><td><a href=\"https:\/\/www.splm.cz\/\" target=\"_blank\" rel=\"noreferrer noopener\">Spole\u010dnost pro l\u00e9ka\u0159skou mikrobiologii (SLM)<\/a><\/td><\/tr><tr><td><a href=\"https:\/\/www.hematology.cz\/\" target=\"_blank\" rel=\"noreferrer noopener\">\u010cesk\u00e1 hematologick\u00e1 spole\u010dnosti (\u010cHS)<\/a><\/td><\/tr><tr><td><\/td><\/tr><tr><td><strong>Akreditace zdravotnick\u00fdch laborato\u0159\u00ed<\/strong><\/td><\/tr><tr><td><a href=\"http:\/\/www.cai.cz\" target=\"_blank\" rel=\"noreferrer noopener\">\u010cesk\u00fd institut pro akreditaci (\u010cIA)<\/a><\/td><\/tr><tr><td><a href=\"https:\/\/www.naskl.cz\/\" target=\"_blank\" rel=\"noreferrer noopener\">N\u00e1rodn\u00ed autoriza\u010dn\u00ed st\u0159edisko pro klinick\u00e9 laborato\u0159e (NASKL)<\/a><\/td><\/tr><tr><td><\/td><\/tr><tr><td><strong>MZ a poji\u0161\u0165ovny<\/strong><\/td><\/tr><tr><td><a href=\"https:\/\/www.mzcr.cz\/\" target=\"_blank\" rel=\"noreferrer noopener\">Ministerstvo zdravotnictv\u00ed \u010cR (MZ\u010cR)<\/a><\/td><\/tr><tr><td><a href=\"https:\/\/www.uzis.cz\/index.php?pg=vystupy\" target=\"_blank\" rel=\"noreferrer noopener\">\u00dastav zdravotnick\u00fdch informac\u00ed a statistiky \u010cR<\/a><\/td><\/tr><tr><td><a href=\"https:\/\/szv.mzcr.cz\/\" target=\"_blank\" rel=\"noreferrer noopener\">Seznam zdravotn\u00edch v\u00fdkon\u016f MZ \u010cR<\/a><\/td><\/tr><tr><td><a href=\"https:\/\/www.vzp.cz\/poskytovatele\/ciselniky\/zdravotni-vykony\" target=\"_blank\" rel=\"noreferrer noopener\">Zdravotn\u00ed v\u00fdkony VZP<\/a><\/td><\/tr><tr><td><\/td><\/tr><tr><td><strong>Legislativa<\/strong><\/td><\/tr><tr><td><a href=\"https:\/\/www.zakonyprolidi.cz\/cs\/2012-99\/zneni-20210101\" target=\"_blank\" rel=\"noreferrer noopener\">Vyhl\u00e1\u0161ka o po\u017eadavc\u00edch na minim\u00e1ln\u00ed person\u00e1ln\u00ed zabezpe\u010den\u00ed zdravotn\u00edch slu\u017eeb (Vyhl\u00e1\u0161ka \u010d. 99\/2012 Sb.)<\/a><\/td><\/tr><tr><td><a href=\"https:\/\/www.zakonyprolidi.cz\/cs\/2011-55\/zneni-20191019\" target=\"_blank\" rel=\"noreferrer noopener\">Vyhl\u00e1\u0161ka o \u010dinnostech zdravotnick\u00fdch pracovn\u00edk\u016f a jin\u00fdch odborn\u00fdch pracovn\u00edk\u016f (Vyhl\u00e1\u0161ka \u010d. 55\/2011 Sb.)<\/a><\/td><\/tr><tr><td><a href=\"https:\/\/www.mzcr.cz\/wp-content\/uploads\/2021\/12\/sb0177_01-2021-1.pdf\" target=\"_blank\" rel=\"noreferrer noopener\">Vyhl\u00e1\u0161ka o stanoven\u00ed hodnot bodu, v\u00fd\u0161e \u00fahrad za hrazen\u00e9 slu\u017eby a regula\u010dn\u00edch omezen\u00ed pro rok 2022 (Vyhl\u00e1\u0161ka \u010d.396\/2021 Sb.)<\/a><\/td><\/tr><tr><td><\/td><\/tr><tr><td><strong>Ostatn\u00ed<\/strong><\/td><\/tr><tr><td><a href=\"http:\/\/www.anapatterns.org\" target=\"_blank\" rel=\"noreferrer noopener\">International Consensus on Antinuclear Antibody (ANA) Patterns (ICAP)<\/a><\/td><\/tr><tr><td><a href=\"http:\/\/ciselniky.dasta.mzcr.cz\/CD\/hypertext\/DSAMA.htm\" target=\"_blank\" rel=\"noreferrer noopener\">N\u00e1rodn\u00ed \u010d\u00edseln\u00edk laboratorn\u00edch polo\u017eek DASTA<\/a><\/td><\/tr><tr><td><a href=\"https:\/\/www.csac.cz\/cs\/ivdr\" target=\"_blank\" rel=\"noreferrer noopener\">Aliance pro IVD-R<\/a><\/td><\/tr><\/tbody><\/table><\/figure>\n","protected":false},"excerpt":{"rendered":"<p>Odborn\u00e9 spole\u010dnosti \u010cesk\u00e1 spole\u010dnost alergologie a klinick\u00e9 imunologie (\u010cSAKI) \u010cesk\u00e1 spole\u010dnost pro analytickou cytometrii (\u010cSAC) \u010cesk\u00e1 l\u00e9ka\u0159sk\u00e1 spole\u010dnost Jana Evangelisty<\/p>\n","protected":false},"author":1,"featured_media":0,"parent":0,"menu_order":0,"comment_status":"closed","ping_status":"closed","template":"","meta":{"colormag_page_container_layout":"no_sidebar_full_width","colormag_page_sidebar_layout":"no_sidebar","_price":"","_stock":"","_tribe_ticket_header":"","_tribe_default_ticket_provider":"","_tribe_ticket_capacity":"0","_ticket_start_date":"","_ticket_end_date":"","_tribe_ticket_show_description":"","_tribe_ticket_show_not_going":false,"_tribe_ticket_use_global_stock":"","_tribe_ticket_global_stock_level":"","_global_stock_mode":"","_global_stock_cap":"","_tribe_rsvp_for_event":"","_tribe_ticket_going_count":"","_tribe_ticket_not_going_count":"","_tribe_tickets_list":"[]","_tribe_ticket_has_attendee_info_fields":false,"footnotes":"","_tec_slr_enabled":"","_tec_slr_layout":""},"class_list":["post-255","page","type-page","status-publish","hentry"],"ticketed":false,"_links":{"self":[{"href":"https:\/\/csaki-sli.cz\/index.php?rest_route=\/wp\/v2\/pages\/255","targetHints":{"allow":["GET"]}}],"collection":[{"href":"https:\/\/csaki-sli.cz\/index.php?rest_route=\/wp\/v2\/pages"}],"about":[{"href":"https:\/\/csaki-sli.cz\/index.php?rest_route=\/wp\/v2\/types\/page"}],"author":[{"embeddable":true,"href":"https:\/\/csaki-sli.cz\/index.php?rest_route=\/wp\/v2\/users\/1"}],"replies":[{"embeddable":true,"href":"https:\/\/csaki-sli.cz\/index.php?rest_route=%2Fwp%2Fv2%2Fcomments&post=255"}],"version-history":[{"count":2,"href":"https:\/\/csaki-sli.cz\/index.php?rest_route=\/wp\/v2\/pages\/255\/revisions"}],"predecessor-version":[{"id":567,"href":"https:\/\/csaki-sli.cz\/index.php?rest_route=\/wp\/v2\/pages\/255\/revisions\/567"}],"wp:attachment":[{"href":"https:\/\/csaki-sli.cz\/index.php?rest_route=%2Fwp%2Fv2%2Fmedia&parent=255"}],"curies":[{"name":"wp","href":"https:\/\/api.w.org\/{rel}","templated":true}]}}