{"id":259,"date":"2022-07-12T21:42:49","date_gmt":"2022-07-12T19:42:49","guid":{"rendered":"http:\/\/csaki-sli.cz\/?page_id=259"},"modified":"2022-07-12T21:42:49","modified_gmt":"2022-07-12T19:42:49","slug":"prihlaseni-do-sekce-laboratorni-imunologie","status":"publish","type":"page","link":"https:\/\/csaki-sli.cz\/?page_id=259","title":{"rendered":"P\u0159ihl\u00e1\u0161en\u00ed do Sekce laboratorn\u00ed imunologie"},"content":{"rendered":"\n<p>Sekce laboratorn\u00ed imunologie (SLI) je sou\u010d\u00e1st\u00ed \u010cesk\u00e9 spole\u010dnosti alergologie a klinick\u00e9 imunologie (\u010cSAKI), kter\u00e1 je organiza\u010dn\u00ed slo\u017ekou \u010cesk\u00e9 l\u00e9ka\u0159sk\u00e9 spole\u010dnosti Jana Evangelisty Purkyn\u011b (\u010cLS JEP). Pro p\u0159ihl\u00e1\u0161en\u00ed do sekce SLI je nezbytn\u00e9 p\u0159ihl\u00e1\u0161en\u00ed do \u010cLS i \u010cSAKI.<\/p>\n\n\n\n<p>Budouc\u00ed nebo aktivn\u00ed \u010dlen \u010cLS si m\u016f\u017ee o \u010dlenstv\u00ed za\u017e\u00e1dat, roz\u0161\u00ed\u0159it \u010dlenstv\u00ed o dal\u0161\u00ed spole\u010dnosti\/sekce\/spolky l\u00e9ka\u0159\u016f nebo aktualizovat sv\u00e9 \u00fadaje na adrese: <a rel=\"noreferrer noopener\" href=\"https:\/\/databaze.cls.cz\/\" target=\"_blank\">databaze.cls.cz<\/a><\/p>\n\n\n\n<p>Manu\u00e1l pro p\u0159ihl\u00e1\u0161en\u00ed na profil \u010dlena \u010cLS je k dispozici pod <a rel=\"noreferrer noopener\" href=\"https:\/\/www.cls.cz\/media\/manual_pro_cleny_profil_clena-1.pdf\" target=\"_blank\">t\u00edmto odkazem<\/a>. Pro prvn\u00ed p\u0159ihl\u00e1\u0161en\u00ed je nutn\u00e9 zn\u00e1t eviden\u010dn\u00ed \u010d\u00edslo. To m\u016f\u017eete dohledat u platebn\u00ed v\u00fdzvy jako variabiln\u00ed symbol nebo napsat na <a rel=\"noreferrer noopener\" href=\"mailto:cle@cls.cz\" target=\"_blank\">cle@cls.cz<\/a> a \u010d\u00edslo V\u00e1m bude zasl\u00e1no.<\/p>\n","protected":false},"excerpt":{"rendered":"<p>Sekce laboratorn\u00ed imunologie (SLI) je sou\u010d\u00e1st\u00ed \u010cesk\u00e9 spole\u010dnosti alergologie a klinick\u00e9 imunologie (\u010cSAKI), kter\u00e1 je organiza\u010dn\u00ed slo\u017ekou \u010cesk\u00e9 l\u00e9ka\u0159sk\u00e9 spole\u010dnosti<\/p>\n","protected":false},"author":1,"featured_media":0,"parent":0,"menu_order":0,"comment_status":"closed","ping_status":"closed","template":"","meta":{"colormag_page_container_layout":"no_sidebar_full_width","colormag_page_sidebar_layout":"no_sidebar","_price":"","_stock":"","_tribe_ticket_header":"","_tribe_default_ticket_provider":"","_tribe_ticket_capacity":"0","_ticket_start_date":"","_ticket_end_date":"","_tribe_ticket_show_description":"","_tribe_ticket_show_not_going":false,"_tribe_ticket_use_global_stock":"","_tribe_ticket_global_stock_level":"","_global_stock_mode":"","_global_stock_cap":"","_tribe_rsvp_for_event":"","_tribe_ticket_going_count":"","_tribe_ticket_not_going_count":"","_tribe_tickets_list":"[]","_tribe_ticket_has_attendee_info_fields":false,"footnotes":"","_tec_slr_enabled":"","_tec_slr_layout":""},"class_list":["post-259","page","type-page","status-publish","hentry"],"ticketed":false,"_links":{"self":[{"href":"https:\/\/csaki-sli.cz\/index.php?rest_route=\/wp\/v2\/pages\/259","targetHints":{"allow":["GET"]}}],"collection":[{"href":"https:\/\/csaki-sli.cz\/index.php?rest_route=\/wp\/v2\/pages"}],"about":[{"href":"https:\/\/csaki-sli.cz\/index.php?rest_route=\/wp\/v2\/types\/page"}],"author":[{"embeddable":true,"href":"https:\/\/csaki-sli.cz\/index.php?rest_route=\/wp\/v2\/users\/1"}],"replies":[{"embeddable":true,"href":"https:\/\/csaki-sli.cz\/index.php?rest_route=%2Fwp%2Fv2%2Fcomments&post=259"}],"version-history":[{"count":2,"href":"https:\/\/csaki-sli.cz\/index.php?rest_route=\/wp\/v2\/pages\/259\/revisions"}],"predecessor-version":[{"id":261,"href":"https:\/\/csaki-sli.cz\/index.php?rest_route=\/wp\/v2\/pages\/259\/revisions\/261"}],"wp:attachment":[{"href":"https:\/\/csaki-sli.cz\/index.php?rest_route=%2Fwp%2Fv2%2Fmedia&parent=259"}],"curies":[{"name":"wp","href":"https:\/\/api.w.org\/{rel}","templated":true}]}}