{"id":298,"date":"2022-07-12T22:15:43","date_gmt":"2022-07-12T20:15:43","guid":{"rendered":"http:\/\/csaki-sli.cz\/?page_id=298"},"modified":"2025-12-11T09:45:56","modified_gmt":"2025-12-11T08:45:56","slug":"doporuceni","status":"publish","type":"page","link":"https:\/\/csaki-sli.cz\/?page_id=298","title":{"rendered":"Doporu\u010den\u00ed"},"content":{"rendered":"\n<h6 class=\"wp-block-heading\">Odborn\u00e1 doporu\u010den\u00ed<\/h6>\n\n\n<ul class=\"wp-block-latest-posts__list wp-block-latest-posts\"><li><a class=\"wp-block-latest-posts__post-title\" href=\"https:\/\/csaki-sli.cz\/?p=533\">Doporu\u010den\u00ed pro vykazov\u00e1n\u00ed sIgE metodou multiplexu (6.6.2023)<\/a><\/li>\n<li><a class=\"wp-block-latest-posts__post-title\" href=\"https:\/\/csaki-sli.cz\/?p=478\">Doporu\u010den\u00ed k vy\u0161et\u0159en\u00ed ANCA protil\u00e1tek u ANCA-asociovan\u00fdch vaskulitid (13.4.2023)<\/a><\/li>\n<li><a class=\"wp-block-latest-posts__post-title\" href=\"https:\/\/csaki-sli.cz\/?p=164\">Doporu\u010den\u00ed k vy\u0161et\u0159ov\u00e1n\u00ed mozkom\u00ed\u0161n\u00edho moku (2017)<\/a><\/li>\n<li><a class=\"wp-block-latest-posts__post-title\" href=\"https:\/\/csaki-sli.cz\/?p=135\">Stanoven\u00ed trypt\u00e1zy \u2013 indikace a podm\u00ednky odb\u011bru materi\u00e1lu pro vy\u0161et\u0159en\u00ed (19.3.2022)<\/a><\/li>\n<\/ul>\n\n\n<h6 class=\"wp-block-heading\">Akreditace<\/h6>\n\n\n<ul class=\"wp-block-latest-posts__list wp-block-latest-posts\"><li><a class=\"wp-block-latest-posts__post-title\" href=\"https:\/\/csaki-sli.cz\/?p=775\">Praktick\u00e9 prov\u00e1d\u011bn\u00ed validace a verifikace metod v2 (3\/2026)<\/a><\/li>\n<li><a class=\"wp-block-latest-posts__post-title\" href=\"https:\/\/csaki-sli.cz\/?p=212\">Doporu\u010den\u00ed pro validace a verifikace postup\u016f laboratorn\u00edch vy\u0161et\u0159en\u00ed ve zdravotnick\u00fdch laborato\u0159\u00edch (13.1.2021)<\/a><\/li>\n<li><a class=\"wp-block-latest-posts__post-title\" href=\"https:\/\/csaki-sli.cz\/?p=209\">Doporu\u010den\u00ed k vyjad\u0159ov\u00e1n\u00ed nejistot kvantitativn\u00edch v\u00fdsledk\u016f m\u011b\u0159en\u00ed ve zdravotnick\u00fdch laborato\u0159\u00edch (1.3.2021)<\/a><\/li>\n<\/ul>\n\n\n<h6 class=\"wp-block-heading\">IVDR<\/h6>\n\n\n<ul class=\"wp-block-latest-posts__list wp-block-latest-posts\"><li><a class=\"wp-block-latest-posts__post-title\" href=\"https:\/\/csaki-sli.cz\/?p=668\">Anal\u00fdza rizik IH-IVDR<\/a><\/li>\n<li><a class=\"wp-block-latest-posts__post-title\" href=\"https:\/\/csaki-sli.cz\/?p=665\">Technick\u00e1 dokumentace IH -IVDR<\/a><\/li>\n<li><a class=\"wp-block-latest-posts__post-title\" href=\"https:\/\/csaki-sli.cz\/?p=641\">IVDR prezentace<\/a><\/li>\n<li><a class=\"wp-block-latest-posts__post-title\" href=\"https:\/\/csaki-sli.cz\/?p=633\">Technick\u00e1 dokumentace k pou\u017e\u00edv\u00e1n\u00ed in house testu dle \u010dl\u00e1nku 5.5. sm\u011brnice EU 2017<\/a><\/li>\n<li><a class=\"wp-block-latest-posts__post-title\" href=\"https:\/\/csaki-sli.cz\/?p=569\">Doporu\u010deni SLI k problematice IVDR (20.9.2023)\u00a0<\/a><\/li>\n<\/ul>\n\n\n<h6 class=\"wp-block-heading\">N\u010cLP<\/h6>\n\n\n<ul class=\"wp-block-latest-posts__list wp-block-latest-posts\"><li><a class=\"wp-block-latest-posts__post-title\" href=\"https:\/\/csaki-sli.cz\/?p=765\">Export \u010d\u00edseln\u00edku+Valid\u00e1tor (11.12.2025)<\/a><\/li>\n<li><a class=\"wp-block-latest-posts__post-title\" href=\"https:\/\/csaki-sli.cz\/?p=761\">Tvorba a spr\u00e1va N\u010cLP &#8211; z\u00e1kladn\u00ed informace (11.12.2025)<\/a><\/li>\n<li><a class=\"wp-block-latest-posts__post-title\" href=\"https:\/\/csaki-sli.cz\/?p=756\">N\u00e1rodn\u00ed strategie elektronick\u00e9ho zdravotn\u00edctv\u00ed \u010cR (11.12.2025)<\/a><\/li>\n<\/ul>","protected":false},"excerpt":{"rendered":"<p>Odborn\u00e1 doporu\u010den\u00ed Akreditace IVDR N\u010cLP<\/p>\n","protected":false},"author":1,"featured_media":0,"parent":0,"menu_order":0,"comment_status":"closed","ping_status":"closed","template":"","meta":{"colormag_page_container_layout":"default_layout","colormag_page_sidebar_layout":"default_layout","_price":"","_stock":"","_tribe_ticket_header":"","_tribe_default_ticket_provider":"","_tribe_ticket_capacity":"0","_ticket_start_date":"","_ticket_end_date":"","_tribe_ticket_show_description":"","_tribe_ticket_show_not_going":false,"_tribe_ticket_use_global_stock":"","_tribe_ticket_global_stock_level":"","_global_stock_mode":"","_global_stock_cap":"","_tribe_rsvp_for_event":"","_tribe_ticket_going_count":"","_tribe_ticket_not_going_count":"","_tribe_tickets_list":"[]","_tribe_ticket_has_attendee_info_fields":false,"footnotes":"","_tec_slr_enabled":"","_tec_slr_layout":""},"class_list":["post-298","page","type-page","status-publish","hentry"],"ticketed":false,"_links":{"self":[{"href":"https:\/\/csaki-sli.cz\/index.php?rest_route=\/wp\/v2\/pages\/298","targetHints":{"allow":["GET"]}}],"collection":[{"href":"https:\/\/csaki-sli.cz\/index.php?rest_route=\/wp\/v2\/pages"}],"about":[{"href":"https:\/\/csaki-sli.cz\/index.php?rest_route=\/wp\/v2\/types\/page"}],"author":[{"embeddable":true,"href":"https:\/\/csaki-sli.cz\/index.php?rest_route=\/wp\/v2\/users\/1"}],"replies":[{"embeddable":true,"href":"https:\/\/csaki-sli.cz\/index.php?rest_route=%2Fwp%2Fv2%2Fcomments&post=298"}],"version-history":[{"count":14,"href":"https:\/\/csaki-sli.cz\/index.php?rest_route=\/wp\/v2\/pages\/298\/revisions"}],"predecessor-version":[{"id":764,"href":"https:\/\/csaki-sli.cz\/index.php?rest_route=\/wp\/v2\/pages\/298\/revisions\/764"}],"wp:attachment":[{"href":"https:\/\/csaki-sli.cz\/index.php?rest_route=%2Fwp%2Fv2%2Fmedia&parent=298"}],"curies":[{"name":"wp","href":"https:\/\/api.w.org\/{rel}","templated":true}]}}