{"id":311,"date":"2022-07-12T22:30:17","date_gmt":"2022-07-12T20:30:17","guid":{"rendered":"http:\/\/csaki-sli.cz\/?page_id=311"},"modified":"2022-07-13T09:12:43","modified_gmt":"2022-07-13T07:12:43","slug":"partneri","status":"publish","type":"page","link":"https:\/\/csaki-sli.cz\/?page_id=311","title":{"rendered":"Partne\u0159i"},"content":{"rendered":"\n<p>D\u011bkujeme partner\u016fm, d\u00edky jejich\u017e finan\u010dn\u00edmu p\u0159\u00edsp\u011bvku, mohly vzniknout tyto webov\u00e9 str\u00e1nky.<\/p>\n\n\n\n<div class=\"wp-block-group is-content-justification-center is-layout-flex wp-container-core-group-is-layout-b02886af wp-block-group-is-layout-flex\">\n<figure class=\"wp-block-image size-full is-resized\"><a href=\"https:\/\/www.exbio.cz\/\" target=\"_blank\" rel=\"noreferrer noopener\"><img loading=\"lazy\" decoding=\"async\" src=\"http:\/\/csaki-sli.cz\/wp-content\/uploads\/2022\/07\/exbio.png\" alt=\"\" class=\"wp-image-318\" width=\"217\" height=\"62\"\/><\/a><\/figure>\n\n\n\n<figure class=\"wp-block-image size-full\"><a href=\"https:\/\/asco-med.cz\/\" target=\"_blank\" rel=\"noreferrer noopener\"><img loading=\"lazy\" decoding=\"async\" width=\"200\" height=\"50\" src=\"http:\/\/csaki-sli.cz\/wp-content\/uploads\/2022\/07\/logo_blue_ascomed_web.webp\" alt=\"\" class=\"wp-image-312\"\/><\/a><\/figure>\n\n\n\n<figure class=\"wp-block-image size-full is-resized\"><a href=\"https:\/\/www.thermofisher.com\/phadia\/wo\/en\/our-solutions.html\" target=\"_blank\" rel=\"noreferrer noopener\"><img loading=\"lazy\" decoding=\"async\" src=\"http:\/\/csaki-sli.cz\/wp-content\/uploads\/2022\/07\/tfs-logo.png\" alt=\"\" class=\"wp-image-313\" width=\"247\" height=\"55\" srcset=\"https:\/\/csaki-sli.cz\/wp-content\/uploads\/2022\/07\/tfs-logo.png 330w, https:\/\/csaki-sli.cz\/wp-content\/uploads\/2022\/07\/tfs-logo-300x67.png 300w\" sizes=\"auto, (max-width: 247px) 100vw, 247px\" \/><\/a><\/figure>\n\n\n\n<figure class=\"wp-block-image size-full is-resized\"><a href=\"https:\/\/www.biovendor.cz\/\" target=\"_blank\" rel=\"noreferrer noopener\"><img loading=\"lazy\" decoding=\"async\" src=\"http:\/\/csaki-sli.cz\/wp-content\/uploads\/2022\/07\/biovendor.jpeg\" alt=\"\" class=\"wp-image-314\" width=\"244\" height=\"107\" srcset=\"https:\/\/csaki-sli.cz\/wp-content\/uploads\/2022\/07\/biovendor.jpeg 339w, https:\/\/csaki-sli.cz\/wp-content\/uploads\/2022\/07\/biovendor-300x132.jpeg 300w\" sizes=\"auto, (max-width: 244px) 100vw, 244px\" \/><\/a><\/figure>\n\n\n\n<figure class=\"wp-block-image size-full\"><a href=\"https:\/\/www.dynex.cz\/en\/\" target=\"_blank\" rel=\"noreferrer noopener\"><img loading=\"lazy\" decoding=\"async\" width=\"200\" height=\"24\" src=\"http:\/\/csaki-sli.cz\/wp-content\/uploads\/2022\/07\/dynex.png\" alt=\"\" class=\"wp-image-315\"\/><\/a><\/figure>\n\n\n\n<figure class=\"wp-block-image size-full is-resized\"><a href=\"https:\/\/www.ita-intertact.com\/\" target=\"_blank\" rel=\"noreferrer noopener\"><img loading=\"lazy\" decoding=\"async\" src=\"http:\/\/csaki-sli.cz\/wp-content\/uploads\/2022\/07\/ita.png\" alt=\"\" class=\"wp-image-316\" width=\"285\" height=\"200\" srcset=\"https:\/\/csaki-sli.cz\/wp-content\/uploads\/2022\/07\/ita.png 500w, https:\/\/csaki-sli.cz\/wp-content\/uploads\/2022\/07\/ita-300x210.png 300w, https:\/\/csaki-sli.cz\/wp-content\/uploads\/2022\/07\/ita-130x90.png 130w\" sizes=\"auto, (max-width: 285px) 100vw, 285px\" \/><\/a><\/figure>\n\n\n\n<figure class=\"wp-block-image size-full\"><a href=\"https:\/\/www.testlinecd.cz\/\" target=\"_blank\" rel=\"noreferrer noopener\"><img loading=\"lazy\" decoding=\"async\" width=\"229\" height=\"47\" src=\"http:\/\/csaki-sli.cz\/wp-content\/uploads\/2022\/07\/testline.png\" alt=\"\" class=\"wp-image-317\"\/><\/a><\/figure>\n<\/div>\n","protected":false},"excerpt":{"rendered":"<p>D\u011bkujeme partner\u016fm, d\u00edky jejich\u017e finan\u010dn\u00edmu p\u0159\u00edsp\u011bvku, mohly vzniknout tyto webov\u00e9 str\u00e1nky.<\/p>\n","protected":false},"author":1,"featured_media":0,"parent":0,"menu_order":0,"comment_status":"closed","ping_status":"closed","template":"","meta":{"colormag_page_container_layout":"default_layout","colormag_page_sidebar_layout":"default_layout","_price":"","_stock":"","_tribe_ticket_header":"","_tribe_default_ticket_provider":"","_tribe_ticket_capacity":"0","_ticket_start_date":"","_ticket_end_date":"","_tribe_ticket_show_description":"","_tribe_ticket_show_not_going":false,"_tribe_ticket_use_global_stock":"","_tribe_ticket_global_stock_level":"","_global_stock_mode":"","_global_stock_cap":"","_tribe_rsvp_for_event":"","_tribe_ticket_going_count":"","_tribe_ticket_not_going_count":"","_tribe_tickets_list":"[]","_tribe_ticket_has_attendee_info_fields":false,"footnotes":"","_tec_slr_enabled":"","_tec_slr_layout":""},"class_list":["post-311","page","type-page","status-publish","hentry"],"ticketed":false,"_links":{"self":[{"href":"https:\/\/csaki-sli.cz\/index.php?rest_route=\/wp\/v2\/pages\/311","targetHints":{"allow":["GET"]}}],"collection":[{"href":"https:\/\/csaki-sli.cz\/index.php?rest_route=\/wp\/v2\/pages"}],"about":[{"href":"https:\/\/csaki-sli.cz\/index.php?rest_route=\/wp\/v2\/types\/page"}],"author":[{"embeddable":true,"href":"https:\/\/csaki-sli.cz\/index.php?rest_route=\/wp\/v2\/users\/1"}],"replies":[{"embeddable":true,"href":"https:\/\/csaki-sli.cz\/index.php?rest_route=%2Fwp%2Fv2%2Fcomments&post=311"}],"version-history":[{"count":12,"href":"https:\/\/csaki-sli.cz\/index.php?rest_route=\/wp\/v2\/pages\/311\/revisions"}],"predecessor-version":[{"id":333,"href":"https:\/\/csaki-sli.cz\/index.php?rest_route=\/wp\/v2\/pages\/311\/revisions\/333"}],"wp:attachment":[{"href":"https:\/\/csaki-sli.cz\/index.php?rest_route=%2Fwp%2Fv2%2Fmedia&parent=311"}],"curies":[{"name":"wp","href":"https:\/\/api.w.org\/{rel}","templated":true}]}}