{"id":72,"date":"2022-05-09T20:57:39","date_gmt":"2022-05-09T18:57:39","guid":{"rendered":"http:\/\/csaki-sli.cz\/?page_id=72"},"modified":"2026-04-09T10:43:40","modified_gmt":"2026-04-09T08:43:40","slug":"vzdelavani","status":"publish","type":"page","link":"https:\/\/csaki-sli.cz\/?page_id=72","title":{"rendered":"Vzd\u011bl\u00e1v\u00e1n\u00ed"},"content":{"rendered":"\n<p><a href=\"https:\/\/www.csaki.cz\/atestace\" data-type=\"link\" data-id=\"https:\/\/www.csaki.cz\/atestace\">Term\u00edny a pokyny k atesta\u010dn\u00ed zkou\u0161ce<\/a><\/p>\n\n\n\n<div class=\"wp-block-file\"><a id=\"wp-block-file--media-98f00e45-5588-4946-a534-303dc3e46c1b\" href=\"http:\/\/csaki-sli.cz\/wp-content\/uploads\/2022\/05\/01-Vzde\u030cla\u0301vaci\u0301-program-AKI-2020.pdf\" target=\"_blank\" rel=\"noreferrer noopener\"><strong>Vzde\u030cla\u0301vaci\u0301 program AKI 2020<\/strong><\/a><\/div>\n\n\n\n<div class=\"wp-block-file\"><a id=\"wp-block-file--media-2181b144-0bfe-4ef2-a316-faca272fca2e\" href=\"http:\/\/csaki-sli.cz\/wp-content\/uploads\/2022\/05\/02-Vzde\u030cla\u0301vaci\u0301-program-AKI-2010.pdf\" target=\"_blank\" rel=\"noreferrer noopener\">Vzde\u030cla\u0301vaci\u0301 program AKI 2010<\/a><\/div>\n\n\n\n<div class=\"wp-block-file\"><a id=\"wp-block-file--media-9f9b6a43-97c0-4573-b5de-9e2e100138ea\" href=\"http:\/\/csaki-sli.cz\/wp-content\/uploads\/2022\/05\/03-Vzde\u030cla\u0301vaci\u0301-program-Le\u0301kar\u030cska\u0301-imunologie-2004.pdf\" target=\"_blank\" rel=\"noreferrer noopener\">Vzde\u030cla\u0301vaci\u0301 program Le\u0301kar\u030cska\u0301 imunologie 2004<\/a><\/div>\n\n\n\n<div class=\"wp-block-file\"><a id=\"wp-block-file--media-0aef3d0c-8145-4ca2-9210-04256486ddcf\" href=\"https:\/\/csaki-sli.cz\/wp-content\/uploads\/2023\/04\/Pokyny-k-atestaci-v2-5.4.2023.pdf\" target=\"_blank\" rel=\"noreferrer noopener\">Pokyny k atestaci <\/a><\/div>\n\n\n\n<div class=\"wp-block-file\"><a id=\"wp-block-file--media-5cc0671b-7da8-4524-b46a-ae6295a661e2\" href=\"http:\/\/csaki-sli.cz\/wp-content\/uploads\/2022\/05\/05-Atestac\u030cni\u0301-ota\u0301zky.pdf\" target=\"_blank\" rel=\"noreferrer noopener\">Atestac\u030cni\u0301 ota\u0301zky<\/a><\/div>\n\n\n\n<div class=\"wp-block-file\"><a id=\"wp-block-file--media-d86d0d71-f802-46d5-82a3-9a6bea518e03\" href=\"http:\/\/csaki-sli.cz\/wp-content\/uploads\/2022\/05\/06-Za\u0301kon-c\u030c.-96_2004-Sb..pdf\" target=\"_blank\" rel=\"noreferrer noopener\">Za\u0301kon c\u030c. 96\/2004 Sb.<\/a><\/div>\n\n\n\n<div class=\"wp-block-file\"><a id=\"wp-block-file--media-f059307c-6fa3-4174-9fca-d6380a44a27c\" href=\"http:\/\/csaki-sli.cz\/wp-content\/uploads\/2022\/05\/07-Novela-za\u0301kona-c\u030c.-96_2004-Sb..pdf\" target=\"_blank\" rel=\"noreferrer noopener\">Novela za\u0301kona c\u030c. 96\/2004 Sb.<\/a><\/div>\n\n\n\n<div class=\"wp-block-file\"><a id=\"wp-block-file--media-3efb0f55-e020-4884-bbe5-2c98bf21848d\" href=\"http:\/\/csaki-sli.cz\/wp-content\/uploads\/2022\/05\/08-Vyhla\u0301s\u030cka-c\u030c.-189-2009-Sb..pdf\" target=\"_blank\" rel=\"noreferrer noopener\">Vyhla\u0301s\u030cka c\u030c. 189\/2009 Sb.<\/a><\/div>\n\n\n\n<div class=\"wp-block-file\"><a id=\"wp-block-file--media-bd5562d7-b5db-4092-9c9e-fc6af004ffff\" href=\"http:\/\/csaki-sli.cz\/wp-content\/uploads\/2022\/05\/09-Vyhla\u0301s\u030cka-c\u030c.-337_2017-Sb.-kterou-se-me\u030cni\u0301-vyhla\u0301s\u030cka-c\u030c.-189_2009-Sb..pdf\" target=\"_blank\" rel=\"noreferrer noopener\">Vyhla\u0301s\u030cka c\u030c. 337\/2017 Sb., kterou se me\u030cni\u0301 vyhla\u0301s\u030cka c\u030c. 189\/2009 Sb.<\/a><\/div>\n\n\n\n<div class=\"wp-block-file\"><a id=\"wp-block-file--media-7ed515fd-2709-4621-8257-816d6055e8a4\" href=\"http:\/\/csaki-sli.cz\/wp-content\/uploads\/2022\/05\/Z\u030ca\u0301dost-o-posouzeni\u0301-odborne\u0301-praxe-nebo-vystaveni\u0301-potvrzeni\u0301-o-ukonc\u030ceni\u0301-kmene-NZP_v2020.doc\" target=\"_blank\" rel=\"noreferrer noopener\">Z\u030ca\u0301dost o posouzeni\u0301 odborne\u0301 praxe nebo vystaveni\u0301 potvrzeni\u0301 o ukonc\u030ceni\u0301 kmene NZP-v2020<\/a><\/div>\n","protected":false},"excerpt":{"rendered":"<p>Term\u00edny a pokyny k atesta\u010dn\u00ed zkou\u0161ce<\/p>\n","protected":false},"author":1,"featured_media":0,"parent":0,"menu_order":0,"comment_status":"closed","ping_status":"closed","template":"","meta":{"colormag_page_container_layout":"default_layout","colormag_page_sidebar_layout":"default_layout","_price":"","_stock":"","_tribe_ticket_header":"","_tribe_default_ticket_provider":"","_tribe_ticket_capacity":"0","_ticket_start_date":"","_ticket_end_date":"","_tribe_ticket_show_description":"","_tribe_ticket_show_not_going":false,"_tribe_ticket_use_global_stock":"","_tribe_ticket_global_stock_level":"","_global_stock_mode":"","_global_stock_cap":"","_tribe_rsvp_for_event":"","_tribe_ticket_going_count":"","_tribe_ticket_not_going_count":"","_tribe_tickets_list":"[]","_tribe_ticket_has_attendee_info_fields":false,"footnotes":"","_tec_slr_enabled":"","_tec_slr_layout":""},"class_list":["post-72","page","type-page","status-publish","hentry"],"ticketed":false,"_links":{"self":[{"href":"https:\/\/csaki-sli.cz\/index.php?rest_route=\/wp\/v2\/pages\/72","targetHints":{"allow":["GET"]}}],"collection":[{"href":"https:\/\/csaki-sli.cz\/index.php?rest_route=\/wp\/v2\/pages"}],"about":[{"href":"https:\/\/csaki-sli.cz\/index.php?rest_route=\/wp\/v2\/types\/page"}],"author":[{"embeddable":true,"href":"https:\/\/csaki-sli.cz\/index.php?rest_route=\/wp\/v2\/users\/1"}],"replies":[{"embeddable":true,"href":"https:\/\/csaki-sli.cz\/index.php?rest_route=%2Fwp%2Fv2%2Fcomments&post=72"}],"version-history":[{"count":8,"href":"https:\/\/csaki-sli.cz\/index.php?rest_route=\/wp\/v2\/pages\/72\/revisions"}],"predecessor-version":[{"id":803,"href":"https:\/\/csaki-sli.cz\/index.php?rest_route=\/wp\/v2\/pages\/72\/revisions\/803"}],"wp:attachment":[{"href":"https:\/\/csaki-sli.cz\/index.php?rest_route=%2Fwp%2Fv2%2Fmedia&parent=72"}],"curies":[{"name":"wp","href":"https:\/\/api.w.org\/{rel}","templated":true}]}}