{"id":88,"date":"2022-05-09T21:14:17","date_gmt":"2022-05-09T19:14:17","guid":{"rendered":"http:\/\/csaki-sli.cz\/?page_id=88"},"modified":"2022-11-16T13:10:07","modified_gmt":"2022-11-16T12:10:07","slug":"88-2","status":"publish","type":"page","link":"http:\/\/csaki-sli.cz\/","title":{"rendered":"Spole\u010dnost"},"content":{"rendered":"\n<p>V\u00edt\u00e1me v\u00e1s na webov\u00fdch str\u00e1nk\u00e1ch Sekce laboratorn\u00ed imunologie (SLI) \u010cesk\u00e1 spole\u010dnost alergologie a klinick\u00e9 imunologie \u010cLS JEP.<br>SLI byla zalo\u017eena v roce 1994 p\u0159i \u010cesk\u00e9 spole\u010dnosti alergologie a klinick\u00e9 imunologie (\u010cSAKI). V pr\u016fb\u011bhu let se SLI rozrostla a v sou\u010dasn\u00e9 dob\u011b, tedy v r. 2022 m\u00e1 v\u00edce ne\u017e 200 \u010dlen\u016f. Podm\u00ednkou \u010dlenstv\u00ed v sekci je \u010dlenstv\u00ed v \u010cSAKI. \u010clenov\u00e9 SLI (stejn\u011b jako \u010dlenov\u00e9 \u010cSAKI) vol\u00ed ka\u017ed\u00e9 \u010dty\u0159i roky sedmi\u010dlenn\u00fd v\u00fdbor. Aktu\u00e1ln\u00ed slo\u017een\u00ed v\u00fdboru a dal\u0161\u00ed informace o n\u011bm najdete na t\u011bchto str\u00e1nk\u00e1ch.<\/p>\n\n\n\n<h2 class=\"wp-block-heading\">Kr\u00e1tk\u00fd n\u00e1vrat do historie SLI.<\/h2>\n\n\n\n<p>Vznik SLI byl vyvol\u00e1n pot\u0159ebou koordinovat \u010dinnost pracovn\u00edk\u016f oboru, kte\u0159\u00ed dle sv\u00e9ho nejlep\u0161\u00edho sv\u011bdom\u00ed pracovali v r\u016fzn\u00fdch a \u010dasto m\u011bn\u011bn\u00fdch \u010di paraleln\u011b vznikaj\u00edc\u00edch pracovn\u00edch skupin\u00e1ch pro \u0159e\u0161en\u00ed \u0159ady probl\u00e9m\u016f, kter\u00e9 p\u0159inesla doba po\u010d\u00e1tku 90 let. Nam\u00e1tkou lze uv\u00e9st: standardizaci laboratorn\u00edch vy\u0161et\u0159en\u00ed, ustaven\u00ed oborov\u00e9 referen\u010dn\u00ed laborato\u0159e, akreditaci, postgradu\u00e1ln\u00ed vzd\u011bl\u00e1v\u00e1n\u00ed, extern\u00ed kontroly kvality a samoz\u0159ejm\u011b \u201eSazebn\u00edk\u201c (Seznam zdravotn\u00edch v\u00fdkon\u016f s bodov\u00fdmi hodnotami). Tyto aktivity byly d\u016fle\u017eit\u00e9 pro udr\u017een\u00ed pov\u011bdom\u00ed o existenci imunologick\u00e9 laboratorn\u00ed diagnostiky jako ned\u00edln\u00e9 sou\u010d\u00e1sti oboru alergologie a klinick\u00e1 imunologie. V\u00fdrazn\u011b v\u0161ak chyb\u011bla koordinace, propojen\u00ed na v\u00fdbor odborn\u00e9 spole\u010dnosti a t\u00edm i mo\u017enost efektivn\u00edho vy\u00fast\u011bn\u00ed t\u00e9to aktivity. V\u00fdbor \u010cSAKI byl na po\u010d\u00e1tku 90. let zam\u011b\u0159en t\u00e9m\u011b\u0159 v\u00fdlu\u010dn\u011b na klinickou (a to p\u0159edev\u0161\u00edm alergologickou) problematiku oboru.<\/p>\n\n\n\n<h2 class=\"wp-block-heading\">Hlavn\u00ed c\u00edle a \u00fakoly SLI<\/h2>\n\n\n\n<p><strong>SLI<\/strong> vznikla p\u0159edev\u0161\u00edm proto, aby pomohla obhajovat dvojjedine\u010dnost oboru alergologie a klinick\u00e9 imunologie jako oboru se specifickou klinickou a laboratorn\u00ed slo\u017ekou.<br><strong>SLI<\/strong> je v r\u00e1mci odborn\u00e9 spole\u010dnosti garantem odbornosti 813 pro sazebn\u00edk v\u00fdkon\u016f a ve\u0161ker\u00e1 jedn\u00e1n\u00ed s pl\u00e1tci zdravotn\u00ed p\u00e9\u010de. Z\u00e1stupci SLI se \u00fa\u010dastn\u00ed dohodovac\u00edch jedn\u00e1n\u00ed, na kter\u00fdch p\u0159edkl\u00e1daj\u00ed nov\u00e9 v\u00fdkony ke schv\u00e1len\u00ed do Sazebn\u00edku. T\u00edm aktivn\u011b p\u0159isp\u00edvaj\u00ed k roz\u0161i\u0159ov\u00e1n\u00ed laboratorn\u00ed imunologick\u00e9 diagnostiky.<br><strong>SLI<\/strong> zaji\u0161\u0165uje odbornou garanci syst\u00e9mu extern\u00ed kontroly kvality v oboru. Tento syst\u00e9m byl d\u00edky iniciativ\u011b SLI za\u0159azen v roce 1996 jako ned\u00edln\u00e1 sou\u010d\u00e1st oboru a je neust\u00e1le rozv\u00edjen.<br><strong>SLI<\/strong> se aktivn\u011b z\u00fa\u010dast\u0148uje postgradu\u00e1ln\u00edho vzd\u011bl\u00e1v\u00e1n\u00ed. Byla jedn\u00edm z inici\u00e1tor\u016f po\u017eadavku zaveden\u00ed vy\u0161\u0161\u00edho odborn\u00e9ho vzd\u011bl\u00e1n\u00ed (VO\u0160) i pro zdravotn\u00ed laboranty. SLI iniciovala vznik sekce laborant\u016f p\u0159i odborn\u00e9 spole\u010dnosti a velmi \u00fazce s n\u00ed spolupracuje.<\/p>\n\n\n\n<p>K integraci jednotliv\u00fdch laboratorn\u00edch obor\u016f zast\u00e1v\u00e1 SLI n\u00e1zor, \u017ee st\u00e1vaj\u00edc\u00ed edukace v jednotliv\u00fdch klinick\u00fdch oborech s laboratorn\u00ed slo\u017ekou nedovoluje jednoduchou integraci ani pro pot\u0159eby z\u00e1kladn\u00ed laboratorn\u00ed diagnostiky. Ve velk\u00fdch zdravotnick\u00fdch za\u0159\u00edzen\u00edch pak p\u0159\u00edpadn\u00e1 integrace laboratorn\u00edch obor\u016f znamen\u00e1 p\u0159edev\u0161\u00edm horizont\u00e1ln\u00ed spolupr\u00e1ci odborn\u00edk\u016f \u2013 specialist\u016f s p\u0159\u00edslu\u0161nou nadstavbovou atestac\u00ed &#8211; pod jedn\u00edm organiza\u010dn\u011b-technick\u00fdm veden\u00edm.<\/p>\n\n\n\n<p>V\u00fdbor SLI \u010cSAKI v\u011b\u0159\u00ed, \u017ee dosavadn\u00ed \u010dinnost sekce potvrzuje spr\u00e1vnost rozhodnut\u00ed koordinovat laboratorn\u00ed imunologickou diagnostiku v r\u00e1mci OS \u010cSAKI. V budoucnosti uv\u00edt\u00e1 jak\u00e9koliv podn\u011bty pro dal\u0161\u00ed pr\u00e1ci.<\/p>\n","protected":false},"excerpt":{"rendered":"<p>V\u00edt\u00e1me v\u00e1s na webov\u00fdch str\u00e1nk\u00e1ch Sekce laboratorn\u00ed imunologie (SLI) \u010cesk\u00e1 spole\u010dnost alergologie a klinick\u00e9 imunologie \u010cLS JEP.SLI byla zalo\u017eena v<\/p>\n","protected":false},"author":1,"featured_media":0,"parent":0,"menu_order":0,"comment_status":"closed","ping_status":"closed","template":"","meta":{"colormag_page_container_layout":"default_layout","colormag_page_sidebar_layout":"default_layout","_price":"","_stock":"","_tribe_ticket_header":"","_tribe_default_ticket_provider":"","_tribe_ticket_capacity":"0","_ticket_start_date":"","_ticket_end_date":"","_tribe_ticket_show_description":"","_tribe_ticket_show_not_going":false,"_tribe_ticket_use_global_stock":"","_tribe_ticket_global_stock_level":"","_global_stock_mode":"","_global_stock_cap":"","_tribe_rsvp_for_event":"","_tribe_ticket_going_count":"","_tribe_ticket_not_going_count":"","_tribe_tickets_list":"[]","_tribe_ticket_has_attendee_info_fields":false,"footnotes":"","_tec_slr_enabled":"","_tec_slr_layout":""},"class_list":["post-88","page","type-page","status-publish","hentry"],"ticketed":false,"_links":{"self":[{"href":"https:\/\/csaki-sli.cz\/index.php?rest_route=\/wp\/v2\/pages\/88","targetHints":{"allow":["GET"]}}],"collection":[{"href":"https:\/\/csaki-sli.cz\/index.php?rest_route=\/wp\/v2\/pages"}],"about":[{"href":"https:\/\/csaki-sli.cz\/index.php?rest_route=\/wp\/v2\/types\/page"}],"author":[{"embeddable":true,"href":"https:\/\/csaki-sli.cz\/index.php?rest_route=\/wp\/v2\/users\/1"}],"replies":[{"embeddable":true,"href":"https:\/\/csaki-sli.cz\/index.php?rest_route=%2Fwp%2Fv2%2Fcomments&post=88"}],"version-history":[{"count":5,"href":"https:\/\/csaki-sli.cz\/index.php?rest_route=\/wp\/v2\/pages\/88\/revisions"}],"predecessor-version":[{"id":374,"href":"https:\/\/csaki-sli.cz\/index.php?rest_route=\/wp\/v2\/pages\/88\/revisions\/374"}],"wp:attachment":[{"href":"https:\/\/csaki-sli.cz\/index.php?rest_route=%2Fwp%2Fv2%2Fmedia&parent=88"}],"curies":[{"name":"wp","href":"https:\/\/api.w.org\/{rel}","templated":true}]}}