{"id":95,"date":"2022-05-09T21:28:07","date_gmt":"2022-05-09T19:28:07","guid":{"rendered":"http:\/\/csaki-sli.cz\/?page_id=95"},"modified":"2026-04-09T09:43:04","modified_gmt":"2026-04-09T07:43:04","slug":"vybor","status":"publish","type":"page","link":"https:\/\/csaki-sli.cz\/?page_id=95","title":{"rendered":"V\u00fdbor"},"content":{"rendered":"\n<p>V\u00fdbor SLI je volen ka\u017ed\u00e9 4 roky v\u0161emi \u010dleny SLI (naposledy v r. 2026). Volby prob\u00edhaj\u00ed od roku 2022 elektronicky. V\u00fdbor SLI je sedmi\u010dlenn\u00fd. Na sv\u00e9 prvn\u00ed sch\u016fzi zvol\u00ed tajn\u00fdm hlasov\u00e1n\u00edm ze sv\u00e9ho st\u0159edu p\u0159edsedu, m\u00edstop\u0159edsedu a tajemn\u00edka. <br>V\u00fdbor SLI zased\u00e1 pravideln\u011b ka\u017ed\u00e9 2-3 m\u011bs\u00edce, nebo dle aktu\u00e1ln\u00ed pot\u0159eby. Na sch\u016fzi jsou projedn\u00e1v\u00e1ny v\u011bdeck\u00e9, legislativn\u00ed, organiza\u010dn\u00ed a dal\u0161\u00ed z\u00e1le\u017eitosti. Z ka\u017ed\u00e9 sch\u016fze je po\u0159\u00edzen p\u00edsemn\u00fd z\u00e1pis, kter\u00fd je archivov\u00e1n.<\/p>\n\n\n\n<p><\/p>\n\n\n\n<h2 class=\"wp-block-heading\">Slo\u017een\u00ed v\u00fdboru<\/h2>\n\n\n\n<p><strong>P\u0159edseda:<br>Mgr. Jan Martinek<\/strong><br>Odd\u011blen\u00ed imunologie a alergologie<br>Zdravotn\u00ed \u00fastav se s\u00eddlem v\u00a0Ostrav\u011b<br>Partyz\u00e1nsk\u00e9 n\u00e1m\u011bst\u00ed 2633\/7<br>702 00 Ostrava<br>tel:: 596 200\u00a0224<br>e-mail:\u00a0<a href=\"mailto:jan.martinek@zuova.cz\" target=\"_blank\" rel=\"noreferrer noopener\">jan.martinek@zuova.cz<\/a><\/p>\n\n\n\n<p><strong>M\u00edstop\u0159edseda:<br>Ing. Miroslav Hin\u010fo\u0161<\/strong><br>AGILAB group s.r.o.<br>Velehradsk\u00e1 1652\/23,<br>130 00 Praha 3<br>tel: 222 212 718<br>e-mail: <a href=\"mailto:hindos@agilab-group.cz\" target=\"_blank\" rel=\"noreferrer noopener\">hindos@agilab-group.cz<\/a><\/p>\n\n\n\n<p><strong>Tajemn\u00edk:<br>Ing. Bc. Tom\u00e1\u0161 Vlas<br><\/strong>\u00dastav imunologie a alergologie LF UK a FN Plze\u0148<br>alej Svobody 80<br>304 60 Plze\u0148<br>tel: 377 104 310<br>e-mail: <a href=\"mailto:vlast@fnplzen.cz\" target=\"_blank\" rel=\"noreferrer noopener\">vlast@fnplzen.cz<\/a><\/p>\n\n\n\n<p><strong>MUDr. Lenka Sedl\u00e1\u010dkov\u00e1<br><\/strong>Alergologie a klinick\u00e1 imunologie<br>GENNET s.r.o.<br>Na Po\u0159\u00ed\u010d\u00ed 26<br>110 00 Praha 1<br>tel: 242 456 883<br>e-mail: <a href=\"mailto:lenka.sedlackova@gennet.cz\" target=\"_blank\" rel=\"noreferrer noopener\">lenka.sedlackova@gennet.cz<\/a><\/p>\n\n\n\n<p><strong>Mgr. Martina Fialov\u00e1<\/strong><br>Odd\u011blen\u00ed klinick\u00e9 imunologie, IKEM<br>V\u00edde\u0148sk\u00e1 1958\/9<br>140 21 Praha 4<br>tel.: 236 055 223<br>E-mail:\u00a0<a href=\"mailto:martina.fialova@ikem.cz\" target=\"_blank\" rel=\"noreferrer noopener\">martina.fialova@ikem.cz<\/a><\/p>\n\n\n\n<p><strong>RNDr. Veronika Kanderov\u00e1<br><\/strong>Klinika d\u011btsk\u00e9 hematologie a\u00a0onkologie, Fakultn\u00ed nemocnice v Motole<br><br><br>tel: 224\u00a0436\u00a0487<br>e-mail: <a href=\"mailto:vlast@fnplzen.cz\" target=\"_blank\" rel=\"noreferrer noopener\"><a href=\"mailto:veronika.kanderova@lfmotol.cuni.cz\" target=\"_blank\" rel=\"noreferrer noopener\">veronika.kanderova@lfmotol.cuni.cz<\/a><\/a><\/p>\n\n\n\n<p><strong>Mgr. Vladim\u00edra \u0158ez\u00e1\u010dov\u00e1, Ph.D.<\/strong><br>\u00dastav klinick\u00e9 imunologie a alergologie,<br>Fakultn\u00ed nemocnice Hradec Kr\u00e1lov\u00e9<br><br>tel:: 495 832 697<br>e-mail:\u00a0<a href=\"mailto:jan.martinek@zuova.cz\" target=\"_blank\" rel=\"noreferrer noopener\">vladimira.rezacova@fnhk.cz<\/a><\/p>\n\n\n\n<p><\/p>\n\n\n\n<h2 class=\"wp-block-heading\">N\u00e1hradn\u00edci:<\/h2>\n\n\n\n<p><strong>Mgr. Irena Francov\u00e1<\/strong><br>Klinick\u00e1 imunologie a alergologie \u2013 laborato\u0159, \u00dastav l\u00e9ka\u0159sk\u00e9 biochemie a laboratorn\u00ed diagnostiky, VFN<br>U Nemocnice 2, <br>128 08 Praha 2<br>tel.: 224 966 469<br>E-mail:&nbsp;<a href=\"mailto:martina.fialova@ikem.cz\" target=\"_blank\" rel=\"noreferrer noopener\">irena.francova@vfn.cz<\/a><\/p>\n\n\n\n<p><strong>RNDr. Andrea Ondrejkov\u00e1<\/strong><br>Laborato\u0159e AGEL a.s. &#8211; Nov\u00fd Ji\u010d\u00edn<\/p>\n\n\n\n<p>tel.: 556\u00a0416\u00a0242<br>E-mail:\u00a0<a href=\"mailto:martina.fialova@ikem.cz\" target=\"_blank\" rel=\"noreferrer noopener\"><a href=\"mailto:andrea.ondrejkova@lab.agel.cz\">andrea.ondrejkova@lab.agel.cz<\/a><\/a><\/p>\n","protected":false},"excerpt":{"rendered":"<p>V\u00fdbor SLI je volen ka\u017ed\u00e9 4 roky v\u0161emi \u010dleny SLI (naposledy v r. 2026). Volby prob\u00edhaj\u00ed od roku 2022 elektronicky.<\/p>\n","protected":false},"author":1,"featured_media":0,"parent":88,"menu_order":0,"comment_status":"closed","ping_status":"closed","template":"","meta":{"colormag_page_container_layout":"default_layout","colormag_page_sidebar_layout":"default_layout","_price":"","_stock":"","_tribe_ticket_header":"","_tribe_default_ticket_provider":"","_tribe_ticket_capacity":"0","_ticket_start_date":"","_ticket_end_date":"","_tribe_ticket_show_description":"","_tribe_ticket_show_not_going":false,"_tribe_ticket_use_global_stock":"","_tribe_ticket_global_stock_level":"","_global_stock_mode":"","_global_stock_cap":"","_tribe_rsvp_for_event":"","_tribe_ticket_going_count":"","_tribe_ticket_not_going_count":"","_tribe_tickets_list":"[]","_tribe_ticket_has_attendee_info_fields":false,"footnotes":"","_tec_slr_enabled":"","_tec_slr_layout":""},"class_list":["post-95","page","type-page","status-publish","hentry"],"ticketed":false,"_links":{"self":[{"href":"https:\/\/csaki-sli.cz\/index.php?rest_route=\/wp\/v2\/pages\/95","targetHints":{"allow":["GET"]}}],"collection":[{"href":"https:\/\/csaki-sli.cz\/index.php?rest_route=\/wp\/v2\/pages"}],"about":[{"href":"https:\/\/csaki-sli.cz\/index.php?rest_route=\/wp\/v2\/types\/page"}],"author":[{"embeddable":true,"href":"https:\/\/csaki-sli.cz\/index.php?rest_route=\/wp\/v2\/users\/1"}],"replies":[{"embeddable":true,"href":"https:\/\/csaki-sli.cz\/index.php?rest_route=%2Fwp%2Fv2%2Fcomments&post=95"}],"version-history":[{"count":11,"href":"https:\/\/csaki-sli.cz\/index.php?rest_route=\/wp\/v2\/pages\/95\/revisions"}],"predecessor-version":[{"id":786,"href":"https:\/\/csaki-sli.cz\/index.php?rest_route=\/wp\/v2\/pages\/95\/revisions\/786"}],"up":[{"embeddable":true,"href":"https:\/\/csaki-sli.cz\/index.php?rest_route=\/wp\/v2\/pages\/88"}],"wp:attachment":[{"href":"https:\/\/csaki-sli.cz\/index.php?rest_route=%2Fwp%2Fv2%2Fmedia&parent=95"}],"curies":[{"name":"wp","href":"https:\/\/api.w.org\/{rel}","templated":true}]}}